{"id":6133,"date":"2026-04-15T23:08:20","date_gmt":"2026-04-15T23:08:20","guid":{"rendered":"https:\/\/maximeg2.sg-host.com\/tous-les-projects-musique\/"},"modified":"2026-05-06T21:44:48","modified_gmt":"2026-05-06T21:44:48","slug":"tous-les-projects-musique","status":"publish","type":"page","link":"https:\/\/vvqw0j6slwb.c.updraftclone.com\/fr\/tous-les-projects-musique\/","title":{"rendered":"Musique"},"content":{"rendered":"\t\t<div data-elementor-type=\"wp-page\" data-elementor-id=\"6133\" class=\"elementor elementor-6133 elementor-5268\">\n\t\t\t\t<div class=\"elementor-element elementor-element-6cf07ca e-con-full e-flex no e-con e-parent\" data-id=\"6cf07ca\" data-element_type=\"container\" data-e-type=\"container\">\n\t\t\t\t<div class=\"elementor-element elementor-element-7af364d5 elementor-widget elementor-widget-ms-hero\" data-id=\"7af364d5\" data-element_type=\"widget\" data-e-type=\"widget\" data-widget_type=\"ms-hero.default\">\n\t\t\t\t<div class=\"elementor-widget-container\">\n\t\t\t\t\t\r\n        <section class=\"ms-hero\" id=\"7af364d5\">\r\n\r\n                            <div class=\"hero-overlay\"><\/div>\r\n            \r\n                            <div class=\"ms-parallax\" data-speed=\"1\" data-type=\"scroll-opacity\">\r\n\r\n                                            <img decoding=\"async\" class=\"jarallax-img\" src=\"http:\/\/vvqw0j6slwb.c.updraftclone.com\/wp-content\/uploads\/2026\/04\/firefly-output-1777293074019-scaled.jpg\" alt=\"\">\r\n                    \r\n                                    <\/div>\r\n            \r\n            \r\n                \r\n                \r\n            \r\n        <\/section>\r\n\r\n    \t\t\t\t<\/div>\n\t\t\t\t<\/div>\n\t\t\t\t<\/div>\n\t\t<div class=\"elementor-element elementor-element-3cd973ac e-con-full e-flex e-con e-parent\" data-id=\"3cd973ac\" data-element_type=\"container\" data-e-type=\"container\">\n\t\t<div class=\"elementor-element elementor-element-4a58223d e-con-full e-flex no e-con e-child\" data-id=\"4a58223d\" data-element_type=\"container\" data-e-type=\"container\">\n\t\t\t\t<div class=\"elementor-element elementor-element-485367a8 elementor-widget elementor-widget-ms_animated_headline\" data-id=\"485367a8\" data-element_type=\"widget\" data-e-type=\"widget\" data-widget_type=\"ms_animated_headline.default\">\n\t\t\t\t<div class=\"elementor-widget-container\">\n\t\t\t\t\t\r\n        <div class=\"ms-ah-wrapper\">\r\n            <h1 class=\"content__title\" data-splitting data-effect2 data-scroll=\"off\">\r\n            \tMusique            <\/h1>\r\n        <\/div>\r\n        \r\n    \t\t\t\t<\/div>\n\t\t\t\t<\/div>\n\t\t\t\t<\/div>\n\t\t\t\t<\/div>\n\t\t<div class=\"elementor-element elementor-element-3546000 e-flex e-con-boxed no e-con e-parent\" data-id=\"3546000\" data-element_type=\"container\" data-e-type=\"container\">\n\t\t\t\t\t<div class=\"e-con-inner\">\n\t\t\t\t<div class=\"elementor-element elementor-element-03b9669 elementor-widget elementor-widget-ms_projects\" data-id=\"03b9669\" data-element_type=\"widget\" data-e-type=\"widget\" data-widget_type=\"ms_projects.default\">\n\t\t\t\t<div class=\"elementor-widget-container\">\n\t\t\t\t\t\r\n\t\t<div class=\"portfolio_wrap\" id=\"03b9669\">\r\n\r\n        \r\n                                        \r\n                <div class=\"portfolio-feed ms-p--d row\"  >\r\n                    <span class=\"load_filter\">\r\n                        <svg class=\"load-filter-icon\" width=\"100%\" height=\"100%\" viewBox=\"0 0 100 100\" preserveAspectRatio=\"xMidYMid\">\r\n                            <circle cx=\"50\" cy=\"50\" r=\"30\" stroke-width=\"6\" stroke-linecap=\"round\" fill=\"none\">\r\n                                <animateTransform attributeName=\"transform\" type=\"rotate\" repeatCount=\"indefinite\" dur=\"1s\" values=\"0 50 50;180 50 50;720 50 50\" keyTimes=\"0;0.5;1\"><\/animateTransform>\r\n                                <animate attributeName=\"stroke-dasharray\" repeatCount=\"indefinite\" dur=\"1s\" values=\"18.84955592153876 169.64600329384882;94.2477796076938 94.24777960769377;18.84955592153876 169.64600329384882\" keyTimes=\"0;0.5;1\"><\/animate>\r\n                            <\/circle>\r\n                        <\/svg>\r\n                    <\/span>\r\n\r\n                    \r\n                    \r\n                                            \r\n                        <div class=\"overlay grid-item-p custom-ratio col-md-3 post-6004 portfolios type-portfolios status-publish has-post-thumbnail hentry portfolios_categories-musique\">\r\n\r\n                            <div class=\"item--inner\">\r\n\r\n                                <a href=\"https:\/\/vvqw0j6slwb.c.updraftclone.com\/fr\/la-poupee-monte-le-son\/\" aria-label=\"La Poup\u00e9e monte le son\">\r\n\r\n                                                                            <div class=\"ms-p-arrow\">\r\n                                            <svg class=\"ms-btt-arrow\" enable-background=\"new 0 0 96 96\" height=\"96px\" version=\"1.1\" viewBox=\"0 0 96 96\" width=\"96px\" xml:space=\"preserve\" xmlns=\"http:\/\/www.w3.org\/2000\/svg\" xmlns:xlink=\"http:\/\/www.w3.org\/1999\/xlink\">\r\n                                                <path d=\"M52,84V21.656l21.457,21.456c1.561,1.562,4.095,1.562,5.656,0.001c1.562-1.562,1.562-4.096,0-5.658L50.829,9.172l0,0  c-0.186-0.186-0.391-0.352-0.609-0.498c-0.101-0.067-0.21-0.114-0.315-0.172c-0.124-0.066-0.242-0.142-0.373-0.195  c-0.135-0.057-0.275-0.089-0.415-0.129c-0.111-0.033-0.216-0.076-0.331-0.099C48.527,8.027,48.264,8,48.001,8l0,0  c-0.003,0-0.006,0.001-0.009,0.001c-0.259,0.001-0.519,0.027-0.774,0.078c-0.12,0.024-0.231,0.069-0.349,0.104  c-0.133,0.039-0.268,0.069-0.397,0.123c-0.139,0.058-0.265,0.136-0.396,0.208c-0.098,0.054-0.198,0.097-0.292,0.159  c-0.221,0.146-0.427,0.314-0.614,0.501L16.889,37.456c-1.562,1.562-1.562,4.095-0.001,5.657c1.562,1.562,4.094,1.562,5.658,0  L44,21.657V84c0,2.209,1.791,4,4,4S52,86.209,52,84z\"><\/path>\r\n                                            <\/svg>\r\n                                        <\/div>\r\n                                    \r\n                                    \r\n                                                                                    <figure class=\"ms-p-img cursor-none\" style='--speed:'>\r\n                                                <img loading=\"lazy\"  src=\"https:\/\/vvqw0j6slwb.c.updraftclone.com\/wp-content\/uploads\/2026\/04\/LAURATHORN-visuel-VERT-portrait-1-1120x1680.jpg\" alt=\"La Poup\u00e9e monte le son\" width=\"1707\" height=\"2560\" loading=\"lazy\" decoding=\"async\">\r\n                                            <\/figure>\r\n                                        \r\n                                    \r\n                                    <div class=\"ms-p-content justify-bottom cursor-none\">\r\n                                        <div class=\"ms-p-content__inner right\">\r\n                                            <h3>La Poup\u00e9e monte le son<\/h3>\r\n                                                                                    <\/div>\r\n                                    <\/div>\r\n                                    \r\n                                <\/a>\r\n\r\n                            <\/div>\r\n\r\n                        <\/div>\r\n                                            \r\n                        <div class=\"overlay grid-item-p custom-ratio col-md-3 post-5978 portfolios type-portfolios status-publish has-post-thumbnail hentry portfolios_categories-musique\">\r\n\r\n                            <div class=\"item--inner\">\r\n\r\n                                <a href=\"https:\/\/vvqw0j6slwb.c.updraftclone.com\/fr\/le-pere-noel-reve-de-potion\/\" aria-label=\"Le P\u00e8re No\u00ebl r\u00eave de potion\">\r\n\r\n                                                                            <div class=\"ms-p-arrow\">\r\n                                            <svg class=\"ms-btt-arrow\" enable-background=\"new 0 0 96 96\" height=\"96px\" version=\"1.1\" viewBox=\"0 0 96 96\" width=\"96px\" xml:space=\"preserve\" xmlns=\"http:\/\/www.w3.org\/2000\/svg\" xmlns:xlink=\"http:\/\/www.w3.org\/1999\/xlink\">\r\n                                                <path d=\"M52,84V21.656l21.457,21.456c1.561,1.562,4.095,1.562,5.656,0.001c1.562-1.562,1.562-4.096,0-5.658L50.829,9.172l0,0  c-0.186-0.186-0.391-0.352-0.609-0.498c-0.101-0.067-0.21-0.114-0.315-0.172c-0.124-0.066-0.242-0.142-0.373-0.195  c-0.135-0.057-0.275-0.089-0.415-0.129c-0.111-0.033-0.216-0.076-0.331-0.099C48.527,8.027,48.264,8,48.001,8l0,0  c-0.003,0-0.006,0.001-0.009,0.001c-0.259,0.001-0.519,0.027-0.774,0.078c-0.12,0.024-0.231,0.069-0.349,0.104  c-0.133,0.039-0.268,0.069-0.397,0.123c-0.139,0.058-0.265,0.136-0.396,0.208c-0.098,0.054-0.198,0.097-0.292,0.159  c-0.221,0.146-0.427,0.314-0.614,0.501L16.889,37.456c-1.562,1.562-1.562,4.095-0.001,5.657c1.562,1.562,4.094,1.562,5.658,0  L44,21.657V84c0,2.209,1.791,4,4,4S52,86.209,52,84z\"><\/path>\r\n                                            <\/svg>\r\n                                        <\/div>\r\n                                    \r\n                                    \r\n                                                                                    <figure class=\"ms-p-img cursor-none\" style='--speed:'>\r\n                                                <img loading=\"lazy\"  src=\"https:\/\/vvqw0j6slwb.c.updraftclone.com\/wp-content\/uploads\/2026\/04\/SC_20221217_003_4158Defile-Noel-1120x745.jpg\" alt=\"Le P\u00e8re No\u00ebl r\u00eave de potion\" width=\"2560\" height=\"1703\" loading=\"lazy\" decoding=\"async\">\r\n                                            <\/figure>\r\n                                        \r\n                                    \r\n                                    <div class=\"ms-p-content justify-bottom cursor-none\">\r\n                                        <div class=\"ms-p-content__inner right\">\r\n                                            <h3>Le P\u00e8re No\u00ebl r\u00eave de potion<\/h3>\r\n                                                                                    <\/div>\r\n                                    <\/div>\r\n                                    \r\n                                <\/a>\r\n\r\n                            <\/div>\r\n\r\n                        <\/div>\r\n                                            \r\n                        <div class=\"overlay grid-item-p custom-ratio col-md-3 post-5985 portfolios type-portfolios status-publish has-post-thumbnail hentry portfolios_categories-musique\">\r\n\r\n                            <div class=\"item--inner\">\r\n\r\n                                <a href=\"https:\/\/vvqw0j6slwb.c.updraftclone.com\/fr\/le-voyage-commence\/\" aria-label=\"Le voyage commence\">\r\n\r\n                                                                            <div class=\"ms-p-arrow\">\r\n                                            <svg class=\"ms-btt-arrow\" enable-background=\"new 0 0 96 96\" height=\"96px\" version=\"1.1\" viewBox=\"0 0 96 96\" width=\"96px\" xml:space=\"preserve\" xmlns=\"http:\/\/www.w3.org\/2000\/svg\" xmlns:xlink=\"http:\/\/www.w3.org\/1999\/xlink\">\r\n                                                <path d=\"M52,84V21.656l21.457,21.456c1.561,1.562,4.095,1.562,5.656,0.001c1.562-1.562,1.562-4.096,0-5.658L50.829,9.172l0,0  c-0.186-0.186-0.391-0.352-0.609-0.498c-0.101-0.067-0.21-0.114-0.315-0.172c-0.124-0.066-0.242-0.142-0.373-0.195  c-0.135-0.057-0.275-0.089-0.415-0.129c-0.111-0.033-0.216-0.076-0.331-0.099C48.527,8.027,48.264,8,48.001,8l0,0  c-0.003,0-0.006,0.001-0.009,0.001c-0.259,0.001-0.519,0.027-0.774,0.078c-0.12,0.024-0.231,0.069-0.349,0.104  c-0.133,0.039-0.268,0.069-0.397,0.123c-0.139,0.058-0.265,0.136-0.396,0.208c-0.098,0.054-0.198,0.097-0.292,0.159  c-0.221,0.146-0.427,0.314-0.614,0.501L16.889,37.456c-1.562,1.562-1.562,4.095-0.001,5.657c1.562,1.562,4.094,1.562,5.658,0  L44,21.657V84c0,2.209,1.791,4,4,4S52,86.209,52,84z\"><\/path>\r\n                                            <\/svg>\r\n                                        <\/div>\r\n                                    \r\n                                    \r\n                                                                                    <figure class=\"ms-p-img cursor-none\" style='--speed:'>\r\n                                                <img loading=\"lazy\"  src=\"https:\/\/vvqw0j6slwb.c.updraftclone.com\/wp-content\/uploads\/2026\/04\/levoyagecommence_1920_1080_def.jpg\" alt=\"Le voyage commence\" width=\"1080\" height=\"1920\" loading=\"lazy\" decoding=\"async\">\r\n                                            <\/figure>\r\n                                        \r\n                                    \r\n                                    <div class=\"ms-p-content justify-bottom cursor-none\">\r\n                                        <div class=\"ms-p-content__inner right\">\r\n                                            <h3>Le voyage commence<\/h3>\r\n                                                                                    <\/div>\r\n                                    <\/div>\r\n                                    \r\n                                <\/a>\r\n\r\n                            <\/div>\r\n\r\n                        <\/div>\r\n                                        <div class=\"grid-sizer col-md-3\"><\/div>\r\n                    \r\n                    \r\n                    \r\n                <\/div>\r\n\r\n                \r\n                        \r\n        \t\t<\/div>\r\n\r\n\t\t\t\t\t\t<\/div>\n\t\t\t\t<\/div>\n\t\t\t\t\t<\/div>\n\t\t\t\t<\/div>\n\t\t\t\t<\/div>\n\t\t","protected":false},"excerpt":{"rendered":"<p>Musique La Poup\u00e9e monte le son Le P\u00e8re No\u00ebl r\u00eave de potion Le Voyage commence<\/p>\n","protected":false},"author":1,"featured_media":0,"parent":0,"menu_order":0,"comment_status":"closed","ping_status":"closed","template":"page-custom.php","meta":{"_acf_changed":false,"_monsterinsights_skip_tracking":false,"_monsterinsights_sitenote_active":false,"_monsterinsights_sitenote_note":"","_monsterinsights_sitenote_category":0,"footnotes":""},"folder":[],"class_list":["post-6133","page","type-page","status-publish","hentry"],"acf":{"choi\u0441e_menu_page":false,"full_width":false,"header_transparent":false,"header_white":false,"menu_type_page":"default","menu_align_page":"default"},"aioseo_notices":[],"_links":{"self":[{"href":"https:\/\/vvqw0j6slwb.c.updraftclone.com\/fr\/wp-json\/wp\/v2\/pages\/6133","targetHints":{"allow":["GET"]}}],"collection":[{"href":"https:\/\/vvqw0j6slwb.c.updraftclone.com\/fr\/wp-json\/wp\/v2\/pages"}],"about":[{"href":"https:\/\/vvqw0j6slwb.c.updraftclone.com\/fr\/wp-json\/wp\/v2\/types\/page"}],"author":[{"embeddable":true,"href":"https:\/\/vvqw0j6slwb.c.updraftclone.com\/fr\/wp-json\/wp\/v2\/users\/1"}],"replies":[{"embeddable":true,"href":"https:\/\/vvqw0j6slwb.c.updraftclone.com\/fr\/wp-json\/wp\/v2\/comments?post=6133"}],"version-history":[{"count":7,"href":"https:\/\/vvqw0j6slwb.c.updraftclone.com\/fr\/wp-json\/wp\/v2\/pages\/6133\/revisions"}],"predecessor-version":[{"id":6859,"href":"https:\/\/vvqw0j6slwb.c.updraftclone.com\/fr\/wp-json\/wp\/v2\/pages\/6133\/revisions\/6859"}],"wp:attachment":[{"href":"https:\/\/vvqw0j6slwb.c.updraftclone.com\/fr\/wp-json\/wp\/v2\/media?parent=6133"}],"wp:term":[{"taxonomy":"folder","embeddable":true,"href":"https:\/\/vvqw0j6slwb.c.updraftclone.com\/fr\/wp-json\/wp\/v2\/folder?post=6133"}],"curies":[{"name":"wp","href":"https:\/\/api.w.org\/{rel}","templated":true}]}}